{"id":12,"date":"2015-01-18T22:32:43","date_gmt":"2015-01-18T20:32:43","guid":{"rendered":"http:\/\/www.puistonkulma.com\/?page_id=12"},"modified":"2026-03-09T16:41:26","modified_gmt":"2026-03-09T14:41:26","slug":"palvelut","status":"publish","type":"page","link":"http:\/\/www.puistonkulma.com\/?page_id=12","title":{"rendered":"Palvelut"},"content":{"rendered":"<p>Hiustenk\u00e4sittelyn aikana voi ikkunoistamme ihastella vuodenaikojen mukaan muuttuvaa ja kaunista maisemaa kahvi- tai teekupposen kera. Asiakkaamme saavat hetkellisen irtioton arjen ulkopuolella, ammattitaitoisessa, miellytt\u00e4v\u00e4ss\u00e4 ilmapiiriss\u00e4 ja rennossa, kodinomaisessa ymp\u00e4rist\u00f6ss\u00e4.<\/p>\n<p>Palveluihimme kuuluvat:<\/p>\n<ul>\n<li>hiustenleikkaukset<\/li>\n<li>v\u00e4rj\u00e4ykset<\/li>\n<li>rakennek\u00e4sittelyt eli permanentit<\/li>\n<li>kampaukset<\/li>\n<li>hiusten- &amp; hiuspohjan hoitok\u00e4sittelyt<\/li>\n<li>ripsien- &amp; kulmien v\u00e4rj\u00e4ykset<\/li>\n<\/ul>\n<p>Soita ja kysy lis\u00e4\u00e4!<\/p>\n","protected":false},"excerpt":{"rendered":"<p>Hiustenk\u00e4sittelyn aikana voi ikkunoistamme ihastella vuodenaikojen mukaan muuttuvaa ja kaunista maisemaa kahvi- tai teekupposen kera. Asiakkaamme saavat hetkellisen irtioton arjen ulkopuolella, ammattitaitoisessa, miellytt\u00e4v\u00e4ss\u00e4 ilmapiiriss\u00e4 ja rennossa, kodinomaisessa ymp\u00e4rist\u00f6ss\u00e4. Palveluihimme kuuluvat: hiustenleikkaukset v\u00e4rj\u00e4ykset rakennek\u00e4sittelyt eli permanentit kampaukset hiusten- &amp; hiuspohjan hoitok\u00e4sittelyt ripsien- &amp; kulmien v\u00e4rj\u00e4ykset Soita ja kysy lis\u00e4\u00e4!<\/p>\n","protected":false},"author":1,"featured_media":0,"parent":0,"menu_order":2,"comment_status":"closed","ping_status":"closed","template":"","meta":{"footnotes":""},"class_list":["post-12","page","type-page","status-publish","hentry"],"_links":{"self":[{"href":"http:\/\/www.puistonkulma.com\/index.php?rest_route=\/wp\/v2\/pages\/12","targetHints":{"allow":["GET"]}}],"collection":[{"href":"http:\/\/www.puistonkulma.com\/index.php?rest_route=\/wp\/v2\/pages"}],"about":[{"href":"http:\/\/www.puistonkulma.com\/index.php?rest_route=\/wp\/v2\/types\/page"}],"author":[{"embeddable":true,"href":"http:\/\/www.puistonkulma.com\/index.php?rest_route=\/wp\/v2\/users\/1"}],"replies":[{"embeddable":true,"href":"http:\/\/www.puistonkulma.com\/index.php?rest_route=%2Fwp%2Fv2%2Fcomments&post=12"}],"version-history":[{"count":7,"href":"http:\/\/www.puistonkulma.com\/index.php?rest_route=\/wp\/v2\/pages\/12\/revisions"}],"predecessor-version":[{"id":218,"href":"http:\/\/www.puistonkulma.com\/index.php?rest_route=\/wp\/v2\/pages\/12\/revisions\/218"}],"wp:attachment":[{"href":"http:\/\/www.puistonkulma.com\/index.php?rest_route=%2Fwp%2Fv2%2Fmedia&parent=12"}],"curies":[{"name":"wp","href":"https:\/\/api.w.org\/{rel}","templated":true}]}}